{"id":901,"date":"2020-03-12T11:43:08","date_gmt":"2020-03-12T10:43:08","guid":{"rendered":"https:\/\/dietl.org\/corona-was-jeder-gelesen-haben-sollte\/"},"modified":"2020-03-12T11:50:02","modified_gmt":"2020-03-12T10:50:02","slug":"corona-was-jeder-gelesen-haben-sollte","status":"publish","type":"page","link":"https:\/\/dietl.org\/de\/corona-was-jeder-gelesen-haben-sollte\/","title":{"rendered":"Corona &#8211; was jeder gelesen haben sollte"},"content":{"rendered":"\n<p>In den letzten Wochen habe ich eine sehr kleine Anzahl von Artikeln gesammelt (bisher sechs), die jeder \u00fcber Corona lesen sollte.<\/p>\n\n\n\n<h2 class=\"has-text-align-center wp-block-heading\"><a href=\"https:\/\/staythefuckhome.com\/\">#StayTheFuckHome<\/a><\/h2>\n\n\n\n<h2 class=\"wp-block-heading\">Meine Zusammenfassung<\/h2>\n\n\n\n<p>Anstelle meiner Zusammenfassung ist hier ein sch\u00f6nes Video aus \u00d6sterreich:<\/p>\n\n\n\n<figure class=\"wp-block-embed-youtube wp-block-embed is-type-video is-provider-youtube wp-embed-aspect-16-9 wp-has-aspect-ratio\"><div class=\"wp-block-embed__wrapper\">\n<iframe loading=\"lazy\" title=\"COVID-19 Update 1: Die wahrscheinlich wichtigste Abbildung der Coronavirus-Epidemie\" width=\"474\" height=\"267\" src=\"https:\/\/www.youtube.com\/embed\/BbRUc7cru4Y?feature=oembed\" frameborder=\"0\" allow=\"accelerometer; autoplay; clipboard-write; encrypted-media; gyroscope; picture-in-picture; web-share\" referrerpolicy=\"strict-origin-when-cross-origin\" allowfullscreen><\/iframe>\n<\/div><\/figure>\n\n\n\n<p>Das wichtigste Mittel, um die Ausbreitung der Krankheit zu verlangsamen, ist KONTAKT ZU VERMEIDEN.<\/p>\n\n\n\n<ul><li>von zu Hause aus arbeiten, wenn es irgendwie geht<\/li><li>Versammlungen, \u00f6ffentliche Verkehrsmittel, \u00fcberf\u00fcllte Pl\u00e4tze vermeiden<\/li><\/ul>\n\n\n\n<p>Auch wenn ich mir Hilfe vom Staat bei diesen Ma\u00dfnahmen w\u00fcnsche, hat doch jeder viele M\u00f6glichkeiten, seine eigenen sozialen Kontakte zu reduzieren.<\/p>\n\n\n\n<p>Jede Infektion, mit der Sie nicht in Kontakt kommen, m\u00fcssen Sie nicht abwaschen.<\/p>\n\n\n\n<h2 class=\"wp-block-heading\">Der eine Artikel, den jeder lesen sollte:<\/h2>\n\n\n\n<p><a href=\"https:\/\/medium.com\/@tomaspueyo\/coronavirus-act-today-or-people-will-die-f4d3d9cd99ca\">https:\/\/medium.com\/@tomaspueyo\/coronavirus-act-today-or-people-will-die-f4d3d9cd99ca<\/a><\/p>\n\n\n\n<p>oder ein anst\u00e4ndiges Pendant auf Deutsch: <\/p>\n\n\n\n<p><a href=\"https:\/\/www.heise.de\/tp\/features\/Coronavirus-Warum-Europa-jetzt-einen-Shutdown-braucht-4680531.html\">https:\/\/www.heise.de\/tp\/features\/Coronavirus-Warum-Europa-jetzt-einen-Shutdown-braucht-4680531.html<\/a><\/p>\n\n\n\n<p>Im Wesentlichen Fakten, Zahlen, Mathematik, Vergleiche zwischen Regionen, \u00fcber die Zeit und \u00fcber die Geschichte hinweg, um den wahrscheinlichen Fortschritt der Epidemie abzusch\u00e4tzen.<\/p>\n\n\n\n<p>Zusammengefasst: LOCK DOWN JETZT!<\/p>\n\n\n\n<p>In L\u00e4ndern, die vor einiger Zeit noch nicht von SARS betroffen waren, wird das exponentielle Wachstum untersch\u00e4tzt und die Dunkelziffer unterbewertet.<\/p>\n\n\n\n<p>Die Chancen stehen so, dass die Zahl der schweren F\u00e4lle trotz des niedrigen Anteils an den F\u00e4llen insgesamt unsere Gesundheitssysteme \u00fcberw\u00e4ltigen kann. Ohne angemessene Behandlung (d.h. bei \u00dcberlastung des Gesundheitssystems) klettern die Sterberaten von &lt;1% auf bis zu 5%.<\/p>\n\n\n\n<p>Wenn es uns gelingt, die Epidemie zu verlangsamen, k\u00f6nnte dies unser Gesundheitssystem vor dem Zusammenbruch retten, was wiederum Leben rettet.<\/p>\n\n\n\n<p>Ich werde den Artikel so schnell wie m\u00f6glich validieren.<\/p>\n\n\n\n<h2 class=\"wp-block-heading\">China, Taiwan usw.:<\/h2>\n\n\n\n<p>Ostasien wurde vor einiger Zeit hart vom SARS-Virus getroffen. Sie haben daraus gelernt, also konnten sie schnell effektive (wenn auch harsche) Ma\u00dfnahmen ergreifen, als Covid-19 auftauchte.<\/p>\n\n\n\n<p>Westliche Gesellschaften sollten ihre Arroganz \u00fcberwinden und von dort lernen.<\/p>\n\n\n\n<h3 class=\"wp-block-heading\"> China\u2019s cases of Covid-19 are finally declining. A WHO expert explains why. <\/h3>\n\n\n\n<p><a href=\"https:\/\/www.vox.com\/2020\/3\/2\/21161067\/coronavirus-covid19-china\">https:\/\/www.vox.com\/2020\/3\/2\/21161067\/coronavirus-covid19-china<\/a><\/p>\n\n\n\n<h3 class=\"wp-block-heading\"> China\u2019s aggressive measures have slowed the coronavirus. They may not work in other countries <\/h3>\n\n\n\n<p><a href=\"https:\/\/www.sciencemag.org\/news\/2020\/03\/china-s-aggressive-measures-have-slowed-coronavirus-they-may-not-work-other-countries\">https:\/\/www.sciencemag.org\/news\/2020\/03\/china-s-aggressive-measures-have-slowed-coronavirus-they-may-not-work-other-countries<\/a><\/p>\n\n\n\n<h3 class=\"wp-block-heading\">Wie Taiwan den Covid-19-Ausbruch verhinderte \u2013 und die WHO davon nichts wissen will<\/h3>\n\n\n\n<p><a rel=\"noreferrer noopener\" aria-label=\"https:\/\/www.tagesspiegel.de\/wissen\/coronavirus-erfolgreich-bekaempft-wie-taiwan-den-covid-19-ausbruch-verhinderte-und-die-who-davon-nichts-wissen-will\/25613942.html (opens in a new tab)\" href=\"https:\/\/www.tagesspiegel.de\/wissen\/coronavirus-erfolgreich-bekaempft-wie-taiwan-den-covid-19-ausbruch-verhinderte-und-die-who-davon-nichts-wissen-will\/25613942.html\" target=\"_blank\">https:\/\/www.tagesspiegel.de\/wissen\/coronavirus-erfolgreich-bekaempft-wie-taiwan-den-covid-19-ausbruch-verhinderte-und-die-who-davon-nichts-wissen-will\/25613942.html<\/a> <\/p>\n\n\n\n<h3 class=\"wp-block-heading\">What Taiwan can teach the world on fighting the coronavirus <\/h3>\n\n\n\n<p><a href=\"https:\/\/www.nbcnews.com\/health\/health-news\/what-taiwan-can-teach-world-fighting-coronavirus-n1153826\">https:\/\/www.nbcnews.com\/health\/health-news\/what-taiwan-can-teach-world-fighting-coronavirus-n1153826<\/a><\/p>\n\n\n\n<h2 class=\"wp-block-heading\">Cryptic transmission of novel coronavirus revealed by genomic epidemiology <\/h2>\n\n\n\n<p>SEHR anspruchsvoll zu lesen. Aber es enth\u00e4lt viele sch\u00f6ne Details, die ich anderswo nicht gefunden habe, wie die statistische Zeit zwischen zwei Infektionen, Mutationsraten usw.<\/p>\n\n\n\n<p><a href=\"https:\/\/bedford.io\/blog\/ncov-cryptic-transmission\/\">https:\/\/bedford.io\/blog\/ncov-cryptic-transmission\/<\/a><\/p>\n","protected":false},"excerpt":{"rendered":"<p>In den letzten Wochen habe ich eine sehr kleine Anzahl von Artikeln gesammelt (bisher sechs), die jeder \u00fcber Corona lesen sollte. #StayTheFuckHome Meine Zusammenfassung Anstelle meiner Zusammenfassung ist hier ein sch\u00f6nes Video aus \u00d6sterreich: Das wichtigste Mittel, um die Ausbreitung der Krankheit zu verlangsamen, ist KONTAKT ZU VERMEIDEN. von zu Hause aus arbeiten, wenn es &hellip; <a href=\"https:\/\/dietl.org\/de\/corona-was-jeder-gelesen-haben-sollte\/\" class=\"more-link\"><span class=\"screen-reader-text\">Corona &#8211; was jeder gelesen haben sollte<\/span> weiterlesen <span class=\"meta-nav\">&rarr;<\/span><\/a><\/p>\n","protected":false},"author":2,"featured_media":0,"parent":0,"menu_order":0,"comment_status":"closed","ping_status":"closed","template":"","meta":{"ngg_post_thumbnail":0,"footnotes":""},"aioseo_notices":[],"jetpack_shortlink":"https:\/\/wp.me\/P4rVyK-ex","jetpack-related-posts":[],"jetpack_sharing_enabled":true,"amp_enabled":true,"_links":{"self":[{"href":"https:\/\/dietl.org\/de\/wp-json\/wp\/v2\/pages\/901"}],"collection":[{"href":"https:\/\/dietl.org\/de\/wp-json\/wp\/v2\/pages"}],"about":[{"href":"https:\/\/dietl.org\/de\/wp-json\/wp\/v2\/types\/page"}],"author":[{"embeddable":true,"href":"https:\/\/dietl.org\/de\/wp-json\/wp\/v2\/users\/2"}],"replies":[{"embeddable":true,"href":"https:\/\/dietl.org\/de\/wp-json\/wp\/v2\/comments?post=901"}],"version-history":[{"count":6,"href":"https:\/\/dietl.org\/de\/wp-json\/wp\/v2\/pages\/901\/revisions"}],"predecessor-version":[{"id":909,"href":"https:\/\/dietl.org\/de\/wp-json\/wp\/v2\/pages\/901\/revisions\/909"}],"wp:attachment":[{"href":"https:\/\/dietl.org\/de\/wp-json\/wp\/v2\/media?parent=901"}],"curies":[{"name":"wp","href":"https:\/\/api.w.org\/{rel}","templated":true}]}}